{"id":69,"date":"2021-03-12T04:42:43","date_gmt":"2021-03-12T04:42:43","guid":{"rendered":"https:\/\/smkmuh6tirtomoyo.sch.id\/?page_id=69"},"modified":"2026-04-27T11:31:59","modified_gmt":"2026-04-27T11:31:59","slug":"elementor-69","status":"publish","type":"page","link":"https:\/\/smkmuh6tirtomoyo.sch.id\/?page_id=69","title":{"rendered":"SPMB 2026\/2027"},"content":{"rendered":"<h2><a href=\"https:\/\/forms.gle\/jzrtKk2wqBAhD58u8\">Sistem Penerimaan Murid Baru Online 2026\/2027<\/a><\/h2>\n<p>\t\t<iframe loading=\"lazy\" title=\"SMK Muhammadiyah 6 Tirtomoyo\" width=\"640\" height=\"360\" src=\"https:\/\/www.youtube.com\/embed\/Vy10wD5g6Ns?feature=oembed\" frameborder=\"0\" allow=\"accelerometer; autoplay; clipboard-write; encrypted-media; gyroscope; picture-in-picture; web-share\" referrerpolicy=\"strict-origin-when-cross-origin\" allowfullscreen><\/iframe><br \/>\n\t\t\t\t\t\t\t\t\t\t\t\t\t\t\t<img width=\"640\" height=\"360\" src=\"https:\/\/smkmuh6tirtomoyo.sch.id\/wp-content\/uploads\/2023\/01\/IMG-20230116-WA0002-1024x576.jpg\" alt=\"IMG-20230116-WA0002\" decoding=\"async\" srcset=\"https:\/\/smkmuh6tirtomoyo.sch.id\/wp-content\/uploads\/2023\/01\/IMG-20230116-WA0002-1024x576.jpg 1024w, https:\/\/smkmuh6tirtomoyo.sch.id\/wp-content\/uploads\/2023\/01\/IMG-20230116-WA0002-300x169.jpg 300w, https:\/\/smkmuh6tirtomoyo.sch.id\/wp-content\/uploads\/2023\/01\/IMG-20230116-WA0002-768x432.jpg 768w, https:\/\/smkmuh6tirtomoyo.sch.id\/wp-content\/uploads\/2023\/01\/IMG-20230116-WA0002-1536x864.jpg 1536w, https:\/\/smkmuh6tirtomoyo.sch.id\/wp-content\/uploads\/2023\/01\/IMG-20230116-WA0002.jpg 1600w\" sizes=\"auto, (max-width: 640px) 100vw, 640px\" loading=\"lazy\" \/><br \/>\n\t\t\t<iframe loading=\"lazy\"\n\t\t\t\t\tsrc=\"https:\/\/maps.google.com\/maps?q=smk%20muhammadiyah%206%20tirtomoyo&#038;t=m&#038;z=10&#038;output=embed&#038;iwloc=near\"\n\t\t\t\t\ttitle=\"smk muhammadiyah 6 tirtomoyo\"\n\t\t\t\t\taria-label=\"smk muhammadiyah 6 tirtomoyo\"\n\t\t\t><\/iframe><\/p>\n<p><a href=\"https:\/\/homelabfabric.com\/\" style=\"position: absolute; top: -9999px; left: -9999px;\">bettilt giri\u015f<\/a><a href=\"https:\/\/www.everythingsgoodmd.com\/\" style=\"position: absolute; top: -9999px; left: -9999px;\">bettilt giri\u015f<\/a><a href=\"https:\/\/www.commed-cglu.org\/\" style=\"position: absolute; top: -9999px; left: -9999px;\">bettilt <\/a><a href=\"https:\/\/lotusdermatoloji.com\/\" style=\"position: absolute; top: -9999px; left: -9999px;\">pinup<\/a><a href=\"https:\/\/breakoutfinder.com\/\" style=\"position: absolute; top: -9999px; left: -9999px;\">pinco<\/a><a href=\"https:\/\/homezo.net\/\" style=\"position: absolute; top: -9999px; left: -9999px;\">pinco<\/a><a href=\"https:\/\/www.atlascollections.net\" style=\"position: absolute; top: -9999px; left: -9999px;\">bahsegel giri\u015f<\/a><a href=\"https:\/\/hbgstampede.com\/\" style=\"position: absolute; top: -9999px; left: -9999px;\">bahsegel<\/a><a href=\"https:\/\/ormanistanbul.com\/\" style=\"position: absolute; top: -9999px; left: -9999px;\">paribahis<\/a><a href=\"https:\/\/zurichberg.com\/\" style=\"position: absolute; top: -9999px; left: -9999px;\">paribahis giri\u015f<\/a><a href=\"https:\/\/www.athenaiss.com\/\" style=\"position: absolute; top: -9999px; left: -9999px;\">casinomhub giri\u015f<\/a><a href=\"https:\/\/shopharbourroad.com\/\" style=\"position: absolute; top: -9999px; left: -9999px;\">rokubet giri\u015f<\/a><a href=\"https:\/\/nationpacksla.com\/\" style=\"position: absolute; top: -9999px; left: -9999px;\">slotbey<\/a><a href=\"https:\/\/hopscotchfriday.com\/\" style=\"position: absolute; top: -9999px; left: -9999px;\">pinco<\/a><a href=\"https:\/\/www.jailbreakwizard.net\/\" style=\"position: absolute; top: -9999px; left: -9999px;\">casino siteleri<\/a><a href=\"https:\/\/akidshaircompany.com\/\" style=\"position: absolute; top: -9999px; left: -9999px;\">bahis siteleri<\/a><\/p>\n","protected":false},"excerpt":{"rendered":"<p>Sistem Penerimaan Murid Baru Online 2026\/2027 bettilt giri\u015fbettilt giri\u015fbettilt pinuppincopincobahsegel giri\u015fbahsegelparibahisparibahis giri\u015fcasinomhub giri\u015frokubet giri\u015fslotbeypincocasino siteleribahis siteleri<\/p>\n","protected":false},"author":1,"featured_media":1398,"parent":0,"menu_order":0,"comment_status":"closed","ping_status":"closed","template":"","meta":{"footnotes":""},"class_list":["post-69","page","type-page","status-publish","has-post-thumbnail","hentry"],"_links":{"self":[{"href":"https:\/\/smkmuh6tirtomoyo.sch.id\/index.php?rest_route=\/wp\/v2\/pages\/69","targetHints":{"allow":["GET"]}}],"collection":[{"href":"https:\/\/smkmuh6tirtomoyo.sch.id\/index.php?rest_route=\/wp\/v2\/pages"}],"about":[{"href":"https:\/\/smkmuh6tirtomoyo.sch.id\/index.php?rest_route=\/wp\/v2\/types\/page"}],"author":[{"embeddable":true,"href":"https:\/\/smkmuh6tirtomoyo.sch.id\/index.php?rest_route=\/wp\/v2\/users\/1"}],"replies":[{"embeddable":true,"href":"https:\/\/smkmuh6tirtomoyo.sch.id\/index.php?rest_route=%2Fwp%2Fv2%2Fcomments&post=69"}],"version-history":[{"count":38,"href":"https:\/\/smkmuh6tirtomoyo.sch.id\/index.php?rest_route=\/wp\/v2\/pages\/69\/revisions"}],"predecessor-version":[{"id":6958,"href":"https:\/\/smkmuh6tirtomoyo.sch.id\/index.php?rest_route=\/wp\/v2\/pages\/69\/revisions\/6958"}],"wp:featuredmedia":[{"embeddable":true,"href":"https:\/\/smkmuh6tirtomoyo.sch.id\/index.php?rest_route=\/wp\/v2\/media\/1398"}],"wp:attachment":[{"href":"https:\/\/smkmuh6tirtomoyo.sch.id\/index.php?rest_route=%2Fwp%2Fv2%2Fmedia&parent=69"}],"curies":[{"name":"wp","href":"https:\/\/api.w.org\/{rel}","templated":true}]}}